{"id":2150,"date":"2024-06-02T21:44:22","date_gmt":"2024-06-03T02:44:22","guid":{"rendered":"https:\/\/us-prixoma.staging-diw.com\/blog\/"},"modified":"2024-12-05T17:00:47","modified_gmt":"2024-12-05T17:00:47","slug":"blog","status":"publish","type":"page","link":"https:\/\/prixoma.com\/es\/blog\/","title":{"rendered":"Blog"},"content":{"rendered":"\t\t<div data-elementor-type=\"wp-page\" data-elementor-id=\"2150\" class=\"elementor elementor-2150 elementor-607\" data-elementor-post-type=\"page\">\n\t\t\t\t<div class=\"elementor-element elementor-element-6f17e84 e-flex e-con-boxed e-con e-parent\" data-id=\"6f17e84\" data-element_type=\"container\" data-e-type=\"container\" data-settings=\"{&quot;background_background&quot;:&quot;gradient&quot;}\">\n\t\t\t\t\t<div class=\"e-con-inner\">\n\t\t\t\t<div class=\"elementor-element elementor-element-ae78f22 elementor-widget elementor-widget-heading\" data-id=\"ae78f22\" data-element_type=\"widget\" data-e-type=\"widget\" data-widget_type=\"heading.default\">\n\t\t\t\t\t<h2 class=\"elementor-heading-title elementor-size-default\">Nuestras \u00faltimas entradas de blog<\/h2>\t\t\t\t<\/div>\n\t\t\t\t<div class=\"elementor-element elementor-element-7c67182 elementor-widget elementor-widget-woocommerce-breadcrumb\" data-id=\"7c67182\" data-element_type=\"widget\" data-e-type=\"widget\" data-widget_type=\"woocommerce-breadcrumb.default\">\n\t\t\t\t\t<nav class=\"woocommerce-breadcrumb\" aria-label=\"Breadcrumb\">Inicio<\/nav>\t\t\t\t<\/div>\n\t\t\t\t<div class=\"elementor-element elementor-element-498a8d4 elementor-grid-tablet-3 elementor-grid-3 elementor-grid-mobile-1 elementor-posts--thumbnail-top elementor-posts--show-avatar elementor-posts__hover-gradient load-more-align-center elementor-widget elementor-widget-posts\" data-id=\"498a8d4\" data-element_type=\"widget\" data-e-type=\"widget\" data-settings=\"{&quot;cards_columns_tablet&quot;:&quot;3&quot;,&quot;pagination_type&quot;:&quot;load_more_on_click&quot;,&quot;cards_columns&quot;:&quot;3&quot;,&quot;cards_columns_mobile&quot;:&quot;1&quot;,&quot;cards_row_gap&quot;:{&quot;unit&quot;:&quot;px&quot;,&quot;size&quot;:35,&quot;sizes&quot;:[]},&quot;cards_row_gap_laptop&quot;:{&quot;unit&quot;:&quot;px&quot;,&quot;size&quot;:&quot;&quot;,&quot;sizes&quot;:[]},&quot;cards_row_gap_tablet&quot;:{&quot;unit&quot;:&quot;px&quot;,&quot;size&quot;:&quot;&quot;,&quot;sizes&quot;:[]},&quot;cards_row_gap_mobile&quot;:{&quot;unit&quot;:&quot;px&quot;,&quot;size&quot;:&quot;&quot;,&quot;sizes&quot;:[]},&quot;load_more_spinner&quot;:{&quot;value&quot;:&quot;fas fa-spinner&quot;,&quot;library&quot;:&quot;fa-solid&quot;}}\" data-widget_type=\"posts.cards\">\n\t\t\t\t<div class=\"elementor-widget-container\">\n\t\t\t\t\t\t\t<div class=\"elementor-posts-container elementor-posts elementor-posts--skin-cards elementor-grid\" role=\"list\">\n\t\t\t\t<article class=\"elementor-post elementor-grid-item post-10731 post type-post status-publish format-standard has-post-thumbnail hentry category-blog-es\" role=\"listitem\">\n\t\t\t<div class=\"elementor-post__card\">\n\t\t\t\t<a class=\"elementor-post__thumbnail__link\" href=\"https:\/\/prixoma.com\/es\/como-el-equilibrio-hormonal-influye-en-la-salud-mamaria\/\" tabindex=\"-1\" ><div class=\"elementor-post__thumbnail\"><img fetchpriority=\"high\" decoding=\"async\" width=\"800\" height=\"534\" src=\"https:\/\/prixoma.com\/wp-content\/uploads\/2025\/08\/image-1024x683.jpg\" class=\"attachment-large size-large wp-image-10738\" alt=\"\" srcset=\"https:\/\/prixoma.com\/wp-content\/uploads\/2025\/08\/image-1024x683.jpg 1024w, https:\/\/prixoma.com\/wp-content\/uploads\/2025\/08\/image-300x200.jpg 300w, https:\/\/prixoma.com\/wp-content\/uploads\/2025\/08\/image-768x512.jpg 768w, https:\/\/prixoma.com\/wp-content\/uploads\/2025\/08\/image-1536x1024.jpg 1536w, https:\/\/prixoma.com\/wp-content\/uploads\/2025\/08\/image-2048x1365.jpg 2048w, https:\/\/prixoma.com\/wp-content\/uploads\/2025\/08\/image-600x400.jpg 600w\" sizes=\"(max-width: 800px) 100vw, 800px\" \/><\/div><\/a>\n\t\t\t\t<div class=\"elementor-post__avatar\">\n\t\t\t<img alt='Gabrielle Kassel' src='https:\/\/us-prixoma.staging-diw.com\/wp-content\/uploads\/2025\/04\/cropped-profile_image-128x128.jpeg' srcset='https:\/\/us-prixoma.staging-diw.com\/wp-content\/uploads\/2025\/04\/cropped-profile_image-256x256.jpeg 2x' class='avatar avatar-128 photo' height='128' width='128' \/>\t\t<\/div>\n\t\t\t\t<div class=\"elementor-post__text\">\n\t\t\t\t<h3 class=\"elementor-post__title\">\n\t\t\t<a href=\"https:\/\/prixoma.com\/es\/como-el-equilibrio-hormonal-influye-en-la-salud-mamaria\/\" >\n\t\t\t\tC\u00f3mo el equilibrio hormonal influye en la salud mamaria\t\t\t<\/a>\n\t\t<\/h3>\n\t\t\t\t<div class=\"elementor-post__excerpt\">\n\t\t\t<p>El tama\u00f1o y la forma de los senos no dependen solo de la gen\u00e9tica, sino que tambi\u00e9n est\u00e1n influenciados en gran medida por el delicado equilibrio hormonal del cuerpo. A lo largo de la vida<\/p>\n\t\t<\/div>\n\t\t\n\t\t<a class=\"elementor-post__read-more\" href=\"https:\/\/prixoma.com\/es\/como-el-equilibrio-hormonal-influye-en-la-salud-mamaria\/\" aria-label=\"Read more about C\u00f3mo el equilibrio hormonal influye en la salud mamaria\" tabindex=\"-1\" >\n\t\t\tLeer m\u00e1s\t\t<\/a>\n\n\t\t\t\t<\/div>\n\t\t\t\t<div class=\"elementor-post__meta-data\">\n\t\t\t\t\t<span class=\"elementor-post-author\">\n\t\t\tGabrielle Kassel\t\t<\/span>\n\t\t\t\t<span class=\"elementor-post-date\">\n\t\t\t18 de agosto de 2025\t\t<\/span>\n\t\t\t\t<\/div>\n\t\t\t\t\t<\/div>\n\t\t<\/article>\n\t\t\t\t<article class=\"elementor-post elementor-grid-item post-2176 post type-post status-publish format-standard has-post-thumbnail hentry category-blog-es\" role=\"listitem\">\n\t\t\t<div class=\"elementor-post__card\">\n\t\t\t\t<a class=\"elementor-post__thumbnail__link\" href=\"https:\/\/prixoma.com\/es\/5-beneficios-de-la-formula-para-aumentar-los-senos-de-prixoma\/\" tabindex=\"-1\" ><div class=\"elementor-post__thumbnail\"><img decoding=\"async\" width=\"800\" height=\"534\" src=\"https:\/\/prixoma.com\/wp-content\/uploads\/2024\/06\/5-Benefits-of-Prixomas-Breast-Enhancement-Formula-BLOG-bilde-1.jpg\" class=\"attachment-large size-large wp-image-1687\" alt=\"\" srcset=\"https:\/\/prixoma.com\/wp-content\/uploads\/2024\/06\/5-Benefits-of-Prixomas-Breast-Enhancement-Formula-BLOG-bilde-1.jpg 1000w, https:\/\/prixoma.com\/wp-content\/uploads\/2024\/06\/5-Benefits-of-Prixomas-Breast-Enhancement-Formula-BLOG-bilde-1-600x400.jpg 600w, https:\/\/prixoma.com\/wp-content\/uploads\/2024\/06\/5-Benefits-of-Prixomas-Breast-Enhancement-Formula-BLOG-bilde-1-300x200.jpg 300w, https:\/\/prixoma.com\/wp-content\/uploads\/2024\/06\/5-Benefits-of-Prixomas-Breast-Enhancement-Formula-BLOG-bilde-1-768x512.jpg 768w\" sizes=\"(max-width: 800px) 100vw, 800px\" \/><\/div><\/a>\n\t\t\t\t<div class=\"elementor-post__avatar\">\n\t\t\t<img alt='Claire Hall' src='https:\/\/us-prixoma.staging-diw.com\/wp-content\/uploads\/2024\/06\/cropped-403992759_672409348055732_5689083031606068918_n-96x96-1.webp' srcset='https:\/\/us-prixoma.staging-diw.com\/wp-content\/uploads\/2024\/06\/cropped-403992759_672409348055732_5689083031606068918_n-96x96-1.webp 2x' class='avatar avatar-128 photo' height='128' width='128' \/>\t\t<\/div>\n\t\t\t\t<div class=\"elementor-post__text\">\n\t\t\t\t<h3 class=\"elementor-post__title\">\n\t\t\t<a href=\"https:\/\/prixoma.com\/es\/5-beneficios-de-la-formula-para-aumentar-los-senos-de-prixoma\/\" >\n\t\t\t\t5 beneficios de la f\u00f3rmula para aumentar los senos de Prixoma\t\t\t<\/a>\n\t\t<\/h3>\n\t\t\t\t<div class=\"elementor-post__excerpt\">\n\t\t\t<p>Bienvenido a Prixoma, una marca comprometida con la mejora de la confianza de las mujeres a trav\u00e9s de un sofisticado enfoque del aumento de senos. Nuestro enfoque se centra en proporcionar una soluci\u00f3n meticulosamente elaborada<\/p>\n\t\t<\/div>\n\t\t\n\t\t<a class=\"elementor-post__read-more\" href=\"https:\/\/prixoma.com\/es\/5-beneficios-de-la-formula-para-aumentar-los-senos-de-prixoma\/\" aria-label=\"Read more about 5 beneficios de la f\u00f3rmula para aumentar los senos de Prixoma\" tabindex=\"-1\" >\n\t\t\tLeer m\u00e1s\t\t<\/a>\n\n\t\t\t\t<\/div>\n\t\t\t\t<div class=\"elementor-post__meta-data\">\n\t\t\t\t\t<span class=\"elementor-post-author\">\n\t\t\tClaire Hall\t\t<\/span>\n\t\t\t\t<span class=\"elementor-post-date\">\n\t\t\t6 de junio de 2024\t\t<\/span>\n\t\t\t\t<\/div>\n\t\t\t\t\t<\/div>\n\t\t<\/article>\n\t\t\t\t<article class=\"elementor-post elementor-grid-item post-2178 post type-post status-publish format-standard has-post-thumbnail hentry category-blog-es\" role=\"listitem\">\n\t\t\t<div class=\"elementor-post__card\">\n\t\t\t\t<a class=\"elementor-post__thumbnail__link\" href=\"https:\/\/prixoma.com\/es\/habilidades-curativas-de-la-formula-de-prixoma\/\" tabindex=\"-1\" ><div class=\"elementor-post__thumbnail\"><img decoding=\"async\" width=\"800\" height=\"534\" src=\"https:\/\/prixoma.com\/wp-content\/uploads\/2024\/06\/Healing-abilities-of-Prixomas-formula-BLOG-bilde-1-1024x683.jpg\" class=\"attachment-large size-large wp-image-1691\" alt=\"\" srcset=\"https:\/\/prixoma.com\/wp-content\/uploads\/2024\/06\/Healing-abilities-of-Prixomas-formula-BLOG-bilde-1-1024x683.jpg 1024w, https:\/\/prixoma.com\/wp-content\/uploads\/2024\/06\/Healing-abilities-of-Prixomas-formula-BLOG-bilde-1-600x400.jpg 600w, https:\/\/prixoma.com\/wp-content\/uploads\/2024\/06\/Healing-abilities-of-Prixomas-formula-BLOG-bilde-1-300x200.jpg 300w, https:\/\/prixoma.com\/wp-content\/uploads\/2024\/06\/Healing-abilities-of-Prixomas-formula-BLOG-bilde-1-768x512.jpg 768w, https:\/\/prixoma.com\/wp-content\/uploads\/2024\/06\/Healing-abilities-of-Prixomas-formula-BLOG-bilde-1.jpg 1500w\" sizes=\"(max-width: 800px) 100vw, 800px\" \/><\/div><\/a>\n\t\t\t\t<div class=\"elementor-post__avatar\">\n\t\t\t<img alt='Claire Hall' src='https:\/\/us-prixoma.staging-diw.com\/wp-content\/uploads\/2024\/06\/cropped-403992759_672409348055732_5689083031606068918_n-96x96-1.webp' srcset='https:\/\/us-prixoma.staging-diw.com\/wp-content\/uploads\/2024\/06\/cropped-403992759_672409348055732_5689083031606068918_n-96x96-1.webp 2x' class='avatar avatar-128 photo' height='128' width='128' \/>\t\t<\/div>\n\t\t\t\t<div class=\"elementor-post__text\">\n\t\t\t\t<h3 class=\"elementor-post__title\">\n\t\t\t<a href=\"https:\/\/prixoma.com\/es\/habilidades-curativas-de-la-formula-de-prixoma\/\" >\n\t\t\t\tHabilidades curativas de la f\u00f3rmula de Prixoma\t\t\t<\/a>\n\t\t<\/h3>\n\t\t\t\t<div class=\"elementor-post__excerpt\">\n\t\t\t<p>En Prixoma, adoptamos un enfoque directo del concepto de aumento de senos. Nuestra f\u00f3rmula est\u00e1 dise\u00f1ada con un enfoque que va m\u00e1s all\u00e1 de la apariencia &#8211; ponemos mucho esfuerzo en el dise\u00f1o de una<\/p>\n\t\t<\/div>\n\t\t\n\t\t<a class=\"elementor-post__read-more\" href=\"https:\/\/prixoma.com\/es\/habilidades-curativas-de-la-formula-de-prixoma\/\" aria-label=\"Read more about Habilidades curativas de la f\u00f3rmula de Prixoma\" tabindex=\"-1\" >\n\t\t\tLeer m\u00e1s\t\t<\/a>\n\n\t\t\t\t<\/div>\n\t\t\t\t<div class=\"elementor-post__meta-data\">\n\t\t\t\t\t<span class=\"elementor-post-author\">\n\t\t\tClaire Hall\t\t<\/span>\n\t\t\t\t<span class=\"elementor-post-date\">\n\t\t\t2 de junio de 2024\t\t<\/span>\n\t\t\t\t<\/div>\n\t\t\t\t\t<\/div>\n\t\t<\/article>\n\t\t\t\t<\/div>\n\t\t\t\t\t<span class=\"e-load-more-spinner\">\n\t\t\t\t<svg aria-hidden=\"true\" class=\"e-font-icon-svg e-fas-spinner\" viewBox=\"0 0 512 512\" xmlns=\"http:\/\/www.w3.org\/2000\/svg\"><path d=\"M304 48c0 26.51-21.49 48-48 48s-48-21.49-48-48 21.49-48 48-48 48 21.49 48 48zm-48 368c-26.51 0-48 21.49-48 48s21.49 48 48 48 48-21.49 48-48-21.49-48-48-48zm208-208c-26.51 0-48 21.49-48 48s21.49 48 48 48 48-21.49 48-48-21.49-48-48-48zM96 256c0-26.51-21.49-48-48-48S0 229.49 0 256s21.49 48 48 48 48-21.49 48-48zm12.922 99.078c-26.51 0-48 21.49-48 48s21.49 48 48 48 48-21.49 48-48c0-26.509-21.491-48-48-48zm294.156 0c-26.51 0-48 21.49-48 48s21.49 48 48 48 48-21.49 48-48c0-26.509-21.49-48-48-48zM108.922 60.922c-26.51 0-48 21.49-48 48s21.49 48 48 48 48-21.49 48-48-21.491-48-48-48z\"><\/path><\/svg>\t\t\t<\/span>\n\t\t\n\t\t\t\t<div class=\"e-load-more-anchor\" data-page=\"1\" data-max-page=\"2\" data-next-page=\"https:\/\/prixoma.com\/es\/wp-json\/wp\/v2\/pages\/2150\/page\/2\/\"><\/div>\n\t\t\t\t<div class=\"elementor-button-wrapper\">\n\t\t\t<a class=\"elementor-button elementor-size-sm\" role=\"button\">\n\t\t\t\t\t\t<span class=\"elementor-button-content-wrapper\">\n\t\t\t\t\t\t\t\t\t<span class=\"elementor-button-text\">Cargar m\u00e1s<\/span>\n\t\t\t\t\t<\/span>\n\t\t\t\t\t<\/a>\n\t\t<\/div>\n\t\t\t\t<div class=\"e-load-more-message\"><\/div>\n\t\t\t\t\t\t<\/div>\n\t\t\t\t<\/div>\n\t\t\t\t\t<\/div>\n\t\t\t\t<\/div>\n\t\t\t\t<\/div>\n\t\t","protected":false},"excerpt":{"rendered":"<p>Nuestras \u00faltimas entradas de blog<\/p>\n","protected":false},"author":1,"featured_media":0,"parent":0,"menu_order":0,"comment_status":"closed","ping_status":"closed","template":"","meta":{"_acf_changed":false,"footnotes":""},"class_list":["post-2150","page","type-page","status-publish","hentry"],"acf":[],"_links":{"self":[{"href":"https:\/\/prixoma.com\/es\/wp-json\/wp\/v2\/pages\/2150","targetHints":{"allow":["GET"]}}],"collection":[{"href":"https:\/\/prixoma.com\/es\/wp-json\/wp\/v2\/pages"}],"about":[{"href":"https:\/\/prixoma.com\/es\/wp-json\/wp\/v2\/types\/page"}],"author":[{"embeddable":true,"href":"https:\/\/prixoma.com\/es\/wp-json\/wp\/v2\/users\/1"}],"replies":[{"embeddable":true,"href":"https:\/\/prixoma.com\/es\/wp-json\/wp\/v2\/comments?post=2150"}],"version-history":[{"count":0,"href":"https:\/\/prixoma.com\/es\/wp-json\/wp\/v2\/pages\/2150\/revisions"}],"wp:attachment":[{"href":"https:\/\/prixoma.com\/es\/wp-json\/wp\/v2\/media?parent=2150"}],"curies":[{"name":"wp","href":"https:\/\/api.w.org\/{rel}","templated":true}]}}